{"id":20363,"date":"2023-10-19T20:53:56","date_gmt":"2023-10-19T20:53:56","guid":{"rendered":"https:\/\/motollopis.es\/tienda\/?post_type=product&#038;p=20363"},"modified":"2023-12-06T19:27:53","modified_gmt":"2023-12-06T19:27:53","slug":"casco-nzi-jet-helix-ii-jr-white","status":"publish","type":"product","link":"https:\/\/motollopis.es\/tienda\/casco-nzi-jet-helix-ii-jr-white\/","title":{"rendered":"Casco NZI Jet Helix II JR White"},"content":{"rendered":"<p>Carcasa o calotta de Nugema\u00ae, combinaci\u00f3n de materiales termopl\u00e1sticos de resistencia optimizada ante impactos y gran durabilidad. Compacto y muy ligero. Confort ideal para los m\u00e1s peque\u00f1os.<br \/>\nHomologado para moto y para esqui. La visera evita que el sol deslumbre.<\/p>\n","protected":false},"excerpt":{"rendered":"<p>El  casco abierto m\u00e1s popular de NZI Helmets, tambi\u00e9n para sus ni\u00f1os. Homologaci\u00f3n de las Naciones Unidas UNECE R.22.05. Tallas: S, L. Bolsa portacascos incluida.<\/p>\n","protected":false},"featured_media":20235,"comment_status":"open","ping_status":"closed","template":"","meta":[],"product_brand":[],"product_cat":[123,146,181],"product_tag":[],"class_list":{"0":"post-20363","1":"product","2":"type-product","3":"status-publish","4":"has-post-thumbnail","6":"product_cat-cascos-moto","7":"product_cat-cascos-nzi","8":"product_cat-cascos-nzi-jet","10":"first","11":"instock","12":"sale","13":"taxable","14":"shipping-taxable","15":"purchasable","16":"product-type-variable"},"_links":{"self":[{"href":"https:\/\/motollopis.es\/tienda\/wp-json\/wp\/v2\/product\/20363","targetHints":{"allow":["GET"]}}],"collection":[{"href":"https:\/\/motollopis.es\/tienda\/wp-json\/wp\/v2\/product"}],"about":[{"href":"https:\/\/motollopis.es\/tienda\/wp-json\/wp\/v2\/types\/product"}],"replies":[{"embeddable":true,"href":"https:\/\/motollopis.es\/tienda\/wp-json\/wp\/v2\/comments?post=20363"}],"version-history":[{"count":2,"href":"https:\/\/motollopis.es\/tienda\/wp-json\/wp\/v2\/product\/20363\/revisions"}],"predecessor-version":[{"id":26244,"href":"https:\/\/motollopis.es\/tienda\/wp-json\/wp\/v2\/product\/20363\/revisions\/26244"}],"wp:featuredmedia":[{"embeddable":true,"href":"https:\/\/motollopis.es\/tienda\/wp-json\/wp\/v2\/media\/20235"}],"wp:attachment":[{"href":"https:\/\/motollopis.es\/tienda\/wp-json\/wp\/v2\/media?parent=20363"}],"wp:term":[{"taxonomy":"product_brand","embeddable":true,"href":"https:\/\/motollopis.es\/tienda\/wp-json\/wp\/v2\/product_brand?post=20363"},{"taxonomy":"product_cat","embeddable":true,"href":"https:\/\/motollopis.es\/tienda\/wp-json\/wp\/v2\/product_cat?post=20363"},{"taxonomy":"product_tag","embeddable":true,"href":"https:\/\/motollopis.es\/tienda\/wp-json\/wp\/v2\/product_tag?post=20363"}],"curies":[{"name":"wp","href":"https:\/\/api.w.org\/{rel}","templated":true}]}}