{"id":19862,"date":"2023-10-19T14:59:05","date_gmt":"2023-10-19T14:59:05","guid":{"rendered":"https:\/\/motollopis.es\/tienda\/?post_type=product&#038;p=19862"},"modified":"2023-12-06T19:51:24","modified_gmt":"2023-12-06T19:51:24","slug":"casco-nzi-jet-zeta-2-chuntian","status":"publish","type":"product","link":"https:\/\/motollopis.es\/tienda\/casco-nzi-jet-zeta-2-chuntian\/","title":{"rendered":"Casco NZI Jet Zeta 2 &#8211; Chuntian"},"content":{"rendered":"<p>Carcasa o calotta de Nugema\u00ae, combinaci\u00f3n de termopl\u00e1sticos de resistencia optimizada ante impactos y gran durabilidad. Ligereza extrema. Tapicer\u00eda interior desmontable y lavable a mano.  Ocupa poco espacio, es f\u00e1cil de quitar y poner, no da sensaci\u00f3n de agobio.<br \/>\nVisor desmontable sin necesidad de utilizar herramientas.  Con la pantalla se puede circular sin peligro de impactos en sus ojos.<\/p>\n","protected":false},"excerpt":{"rendered":"<p>El cl\u00e1sico moderno entre los cascos mini-jet de+ ciudad y tu mejor compa\u00f1ero en el d\u00eda a d\u00eda. Ahora mucho m\u00e1s confortable. Peque\u00f1o, ligero, dise\u00f1os muy lujosos. Homologaci\u00f3n de las Naciones Unidas UNECE R.22.05. Bolsa portacascos incluida.<\/p>\n","protected":false},"featured_media":19510,"comment_status":"open","ping_status":"closed","template":"","meta":[],"product_brand":[],"product_cat":[123,146,181],"product_tag":[],"class_list":{"0":"post-19862","1":"product","2":"type-product","3":"status-publish","4":"has-post-thumbnail","6":"product_cat-cascos-moto","7":"product_cat-cascos-nzi","8":"product_cat-cascos-nzi-jet","10":"first","11":"instock","12":"sale","13":"taxable","14":"shipping-taxable","15":"purchasable","16":"product-type-variable"},"_links":{"self":[{"href":"https:\/\/motollopis.es\/tienda\/wp-json\/wp\/v2\/product\/19862","targetHints":{"allow":["GET"]}}],"collection":[{"href":"https:\/\/motollopis.es\/tienda\/wp-json\/wp\/v2\/product"}],"about":[{"href":"https:\/\/motollopis.es\/tienda\/wp-json\/wp\/v2\/types\/product"}],"replies":[{"embeddable":true,"href":"https:\/\/motollopis.es\/tienda\/wp-json\/wp\/v2\/comments?post=19862"}],"version-history":[{"count":2,"href":"https:\/\/motollopis.es\/tienda\/wp-json\/wp\/v2\/product\/19862\/revisions"}],"predecessor-version":[{"id":26254,"href":"https:\/\/motollopis.es\/tienda\/wp-json\/wp\/v2\/product\/19862\/revisions\/26254"}],"wp:featuredmedia":[{"embeddable":true,"href":"https:\/\/motollopis.es\/tienda\/wp-json\/wp\/v2\/media\/19510"}],"wp:attachment":[{"href":"https:\/\/motollopis.es\/tienda\/wp-json\/wp\/v2\/media?parent=19862"}],"wp:term":[{"taxonomy":"product_brand","embeddable":true,"href":"https:\/\/motollopis.es\/tienda\/wp-json\/wp\/v2\/product_brand?post=19862"},{"taxonomy":"product_cat","embeddable":true,"href":"https:\/\/motollopis.es\/tienda\/wp-json\/wp\/v2\/product_cat?post=19862"},{"taxonomy":"product_tag","embeddable":true,"href":"https:\/\/motollopis.es\/tienda\/wp-json\/wp\/v2\/product_tag?post=19862"}],"curies":[{"name":"wp","href":"https:\/\/api.w.org\/{rel}","templated":true}]}}