{"id":11628,"date":"2023-06-29T11:35:50","date_gmt":"2023-06-29T11:35:50","guid":{"rendered":"https:\/\/motollopis.es\/tienda\/?post_type=product&#038;p=11628"},"modified":"2023-12-06T19:46:25","modified_gmt":"2023-12-06T19:46:25","slug":"casco-nzi-zeta-2-bandi-liquenpistacho","status":"publish","type":"product","link":"https:\/\/motollopis.es\/tienda\/casco-nzi-zeta-2-bandi-liquenpistacho\/","title":{"rendered":"Casco NZI Zeta 2 &#8211; Bandi Liquen&#038;Pistacho"},"content":{"rendered":"<p>Carcasa o calotta de termopl\u00e1stico resistente a los impactos. Casco muy peque\u00f1o ligero y c\u00f3modo ideal para el d\u00eda a d\u00eda. El visor gira hasta 180 grados.<br \/>\nDiferentes tipos de visores en formas y tonos se pueden poner sin herramientas en solo un segundo gracias a su sistema magn\u00e9tico patentado. La parte frontal del Primavera con sus l\u00edneas din\u00e1micas y las entradas de aire y la parte posterior con las salidas de aire met\u00e1licas generan un flujo de aire constante que asegura la ventilaci\u00f3n.<\/p>\n","protected":false},"excerpt":{"rendered":"<p>El casco Primavera revive un pasado legendario y representa el nacimiento de la nueva marca NZI Helmets by Hess Design. Su dise\u00f1o y funciones citan y hacen referencia a la famosa Vespa 50 Special, el icono del estilo en los a\u00f1os 70. La est\u00e9tica minimalista del Primavera recuerda a los m\u00edticos dise\u00f1os del scooter. Homologaci\u00f3n de las Naciones Unidas UNECE R.22.05. Tallas: XS, S, M, L, XL. Bolsa portacascos incluida.<\/p>\n","protected":false},"featured_media":10931,"comment_status":"open","ping_status":"closed","template":"","meta":[],"product_brand":[],"product_cat":[146,181,387],"product_tag":[],"class_list":{"0":"post-11628","1":"product","2":"type-product","3":"status-publish","4":"has-post-thumbnail","6":"product_cat-cascos-nzi","7":"product_cat-cascos-nzi-jet","8":"product_cat-cascos-nzi-vintage","10":"first","11":"instock","12":"sale","13":"taxable","14":"shipping-taxable","15":"purchasable","16":"product-type-variable"},"_links":{"self":[{"href":"https:\/\/motollopis.es\/tienda\/wp-json\/wp\/v2\/product\/11628","targetHints":{"allow":["GET"]}}],"collection":[{"href":"https:\/\/motollopis.es\/tienda\/wp-json\/wp\/v2\/product"}],"about":[{"href":"https:\/\/motollopis.es\/tienda\/wp-json\/wp\/v2\/types\/product"}],"replies":[{"embeddable":true,"href":"https:\/\/motollopis.es\/tienda\/wp-json\/wp\/v2\/comments?post=11628"}],"version-history":[{"count":3,"href":"https:\/\/motollopis.es\/tienda\/wp-json\/wp\/v2\/product\/11628\/revisions"}],"predecessor-version":[{"id":11939,"href":"https:\/\/motollopis.es\/tienda\/wp-json\/wp\/v2\/product\/11628\/revisions\/11939"}],"wp:featuredmedia":[{"embeddable":true,"href":"https:\/\/motollopis.es\/tienda\/wp-json\/wp\/v2\/media\/10931"}],"wp:attachment":[{"href":"https:\/\/motollopis.es\/tienda\/wp-json\/wp\/v2\/media?parent=11628"}],"wp:term":[{"taxonomy":"product_brand","embeddable":true,"href":"https:\/\/motollopis.es\/tienda\/wp-json\/wp\/v2\/product_brand?post=11628"},{"taxonomy":"product_cat","embeddable":true,"href":"https:\/\/motollopis.es\/tienda\/wp-json\/wp\/v2\/product_cat?post=11628"},{"taxonomy":"product_tag","embeddable":true,"href":"https:\/\/motollopis.es\/tienda\/wp-json\/wp\/v2\/product_tag?post=11628"}],"curies":[{"name":"wp","href":"https:\/\/api.w.org\/{rel}","templated":true}]}}