{"id":11422,"date":"2023-06-29T11:29:16","date_gmt":"2023-06-29T11:29:16","guid":{"rendered":"https:\/\/motollopis.es\/tienda\/?post_type=product&#038;p=11422"},"modified":"2023-11-11T11:29:51","modified_gmt":"2023-11-11T11:29:51","slug":"casco-nzi-tonup-evasion","status":"publish","type":"product","link":"https:\/\/motollopis.es\/tienda\/casco-nzi-tonup-evasion\/","title":{"rendered":"Casco NZI Tonup &#8211; Evasion"},"content":{"rendered":"<p>Carcasa o calotta de Nugema\u00ae, combinaci\u00f3n de termopl\u00e1sticos de resistencia optimizada ante impactos y gran durabilidad. Ligereza extrema. Tapicer\u00eda interior desmontable y lavable a mano.  Ocupa poco espacio, es f\u00e1cil de quitar y poner, no da sensaci\u00f3n de agobio.<br \/>\nSu pantalla le permitir\u00e1 circular incluso con fr\u00edo o a cierta velocidad sin peligro de impactos en su cara. Una tira en la parte trasera asegura la fijaci\u00f3n de las gafas opcionales.<\/p>\n","protected":false},"excerpt":{"rendered":"<p>Hacer una tonelada era argot Ingl\u00e9s para describir a quien conduc\u00eda a una velocidad de 100 mph o m\u00e1s. Tonup es un casco  peque\u00f1o, homologado, ligero para los que convierten al motociclismo en un estilo de vida. Un casco de termopl\u00e1stico Nugema\u00ae. Protecci\u00f3n y m\u00e1xima comodidad renovada. Homologaci\u00f3n de las Naciones Unidas UNECE R.22.05. Tallas: XS, S, M, L, XL. Bolsa portacascos incluida.<\/p>\n","protected":false},"featured_media":10865,"comment_status":"open","ping_status":"closed","template":"","meta":[],"product_brand":[],"product_cat":[146,181,387],"product_tag":[],"class_list":{"0":"post-11422","1":"product","2":"type-product","3":"status-publish","4":"has-post-thumbnail","6":"product_cat-cascos-nzi","7":"product_cat-cascos-nzi-jet","8":"product_cat-cascos-nzi-vintage","10":"first","11":"instock","12":"sale","13":"taxable","14":"shipping-taxable","15":"purchasable","16":"product-type-variable"},"_links":{"self":[{"href":"https:\/\/motollopis.es\/tienda\/wp-json\/wp\/v2\/product\/11422","targetHints":{"allow":["GET"]}}],"collection":[{"href":"https:\/\/motollopis.es\/tienda\/wp-json\/wp\/v2\/product"}],"about":[{"href":"https:\/\/motollopis.es\/tienda\/wp-json\/wp\/v2\/types\/product"}],"replies":[{"embeddable":true,"href":"https:\/\/motollopis.es\/tienda\/wp-json\/wp\/v2\/comments?post=11422"}],"version-history":[{"count":2,"href":"https:\/\/motollopis.es\/tienda\/wp-json\/wp\/v2\/product\/11422\/revisions"}],"predecessor-version":[{"id":11718,"href":"https:\/\/motollopis.es\/tienda\/wp-json\/wp\/v2\/product\/11422\/revisions\/11718"}],"wp:featuredmedia":[{"embeddable":true,"href":"https:\/\/motollopis.es\/tienda\/wp-json\/wp\/v2\/media\/10865"}],"wp:attachment":[{"href":"https:\/\/motollopis.es\/tienda\/wp-json\/wp\/v2\/media?parent=11422"}],"wp:term":[{"taxonomy":"product_brand","embeddable":true,"href":"https:\/\/motollopis.es\/tienda\/wp-json\/wp\/v2\/product_brand?post=11422"},{"taxonomy":"product_cat","embeddable":true,"href":"https:\/\/motollopis.es\/tienda\/wp-json\/wp\/v2\/product_cat?post=11422"},{"taxonomy":"product_tag","embeddable":true,"href":"https:\/\/motollopis.es\/tienda\/wp-json\/wp\/v2\/product_tag?post=11422"}],"curies":[{"name":"wp","href":"https:\/\/api.w.org\/{rel}","templated":true}]}}