{"id":10676,"date":"2023-06-26T10:21:34","date_gmt":"2023-06-26T10:21:34","guid":{"rendered":"https:\/\/motollopis.es\/tienda\/?post_type=product&#038;p=10676"},"modified":"2023-11-11T11:44:30","modified_gmt":"2023-11-11T11:44:30","slug":"casco-nzi-street-track-4-bust","status":"publish","type":"product","link":"https:\/\/motollopis.es\/tienda\/casco-nzi-street-track-4-bust\/","title":{"rendered":"Casco NZI Street Track 4 &#8211; Bust"},"content":{"rendered":"<p>Carcasa o calotta de Nugema\u00ae, aleaci\u00f3n de termopl\u00e1sticos de mayores resistencia ante impactos y durabilidad.  Peso liviano, gran confort. Perfecta estabilidad posicional a alta velocidad. La  pantalla del Street Track, de uso diurno exclusivamente, es termoformada, una t\u00e9cnica casi exclusivamente utilizada por NZI Helmets. Varias ventajas son evidentes: las pantallas termoformadas son superiores en flexibilidad y resistencia a la rotura con menores espesores (menos peso del conjunto) y tienen mayor grado de transmisi\u00f3n luminosa (la cantidad de luz que pasa a trav\u00e9s del material). Una tira en la parte trasera asegura la fijaci\u00f3n de las gafas opcionales. Dos tama\u00f1os de carcasa o calotta garantizan un ajuste perfecto y una excelente comodidad para todas las tallas.<\/p>\n","protected":false},"excerpt":{"rendered":"<p>Modificado partiendo de uno de los primeros NZI, el STREET TRACK 4es una versi\u00f3n cl\u00e1sica renovada del original. Con un nuevo ajuste excepcional y detalles con clase es el casco perfecto para los que buscan un aspecto heredado del pasado con la seguridad de un casco integral. Homologaci\u00f3n de las Naciones Unidas UNECE R.22.05. Tallas: XS, S, M, L, XL, XXL. Bolsa portacascos incluida.<\/p>\n","protected":false},"featured_media":10293,"comment_status":"open","ping_status":"closed","template":"","meta":[],"product_brand":[],"product_cat":[146,182,387],"product_tag":[],"class_list":{"0":"post-10676","1":"product","2":"type-product","3":"status-publish","4":"has-post-thumbnail","6":"product_cat-cascos-nzi","7":"product_cat-cascos-nzi-integrales","8":"product_cat-cascos-nzi-vintage","10":"first","11":"instock","12":"sale","13":"taxable","14":"shipping-taxable","15":"purchasable","16":"product-type-variable"},"_links":{"self":[{"href":"https:\/\/motollopis.es\/tienda\/wp-json\/wp\/v2\/product\/10676","targetHints":{"allow":["GET"]}}],"collection":[{"href":"https:\/\/motollopis.es\/tienda\/wp-json\/wp\/v2\/product"}],"about":[{"href":"https:\/\/motollopis.es\/tienda\/wp-json\/wp\/v2\/types\/product"}],"replies":[{"embeddable":true,"href":"https:\/\/motollopis.es\/tienda\/wp-json\/wp\/v2\/comments?post=10676"}],"version-history":[{"count":2,"href":"https:\/\/motollopis.es\/tienda\/wp-json\/wp\/v2\/product\/10676\/revisions"}],"predecessor-version":[{"id":11877,"href":"https:\/\/motollopis.es\/tienda\/wp-json\/wp\/v2\/product\/10676\/revisions\/11877"}],"wp:featuredmedia":[{"embeddable":true,"href":"https:\/\/motollopis.es\/tienda\/wp-json\/wp\/v2\/media\/10293"}],"wp:attachment":[{"href":"https:\/\/motollopis.es\/tienda\/wp-json\/wp\/v2\/media?parent=10676"}],"wp:term":[{"taxonomy":"product_brand","embeddable":true,"href":"https:\/\/motollopis.es\/tienda\/wp-json\/wp\/v2\/product_brand?post=10676"},{"taxonomy":"product_cat","embeddable":true,"href":"https:\/\/motollopis.es\/tienda\/wp-json\/wp\/v2\/product_cat?post=10676"},{"taxonomy":"product_tag","embeddable":true,"href":"https:\/\/motollopis.es\/tienda\/wp-json\/wp\/v2\/product_tag?post=10676"}],"curies":[{"name":"wp","href":"https:\/\/api.w.org\/{rel}","templated":true}]}}