{"id":10444,"date":"2023-06-26T10:13:53","date_gmt":"2023-06-26T10:13:53","guid":{"rendered":"https:\/\/motollopis.es\/tienda\/?post_type=product&#038;p=10444"},"modified":"2023-11-11T11:48:08","modified_gmt":"2023-11-11T11:48:08","slug":"casco-nzi-flat-track-2-commonwealth","status":"publish","type":"product","link":"https:\/\/motollopis.es\/tienda\/casco-nzi-flat-track-2-commonwealth\/","title":{"rendered":"Casco NZI Flat Track 2 &#8211; Commonwealth"},"content":{"rendered":"<p>Carcasa o calotta de Nugema\u00ae, aleaci\u00f3n de termopl\u00e1sticos de mayores resistencia ante impactos y durabilidad.  Peso liviano, gran confort. Perfecta estabilidad posicional a alta velocidad. Carcasa o calotta con una abertura frontal amplia que garantiza un gran \u00e1ngulo de visi\u00f3n, con visera demontable con tira en la parte trasera asegura la fijaci\u00f3n de las gafas opcionales. Dos tama\u00f1os de carcasa o calotta garantizan un ajuste perfecto y una excelente comodidad para todas las tallas.<\/p>\n","protected":false},"excerpt":{"rendered":"<p>Diversi\u00f3n dentro y fuera de la carretera: as\u00ed es como los personalizadores de NZI hab\u00edan imaginado lo que esta modificaci\u00f3n del modelo de Street Track proporcionar\u00eda a los usuarios.Este casco en combinaci\u00f3n con motocicletas con ruedas mixtas invita a quienes lo usan a abandonar las carreteras comunes. Homologaci\u00f3n de las Naciones Unidas UNECE R.22.05. Tallas: XS, S, M, L, XL, XXL. Bolsa portacascos incluida.<\/p>\n","protected":false},"featured_media":10299,"comment_status":"open","ping_status":"closed","template":"","meta":[],"product_brand":[],"product_cat":[146,182,387],"product_tag":[],"class_list":{"0":"post-10444","1":"product","2":"type-product","3":"status-publish","4":"has-post-thumbnail","6":"product_cat-cascos-nzi","7":"product_cat-cascos-nzi-integrales","8":"product_cat-cascos-nzi-vintage","10":"first","11":"instock","12":"sale","13":"taxable","14":"shipping-taxable","15":"purchasable","16":"product-type-variable"},"_links":{"self":[{"href":"https:\/\/motollopis.es\/tienda\/wp-json\/wp\/v2\/product\/10444","targetHints":{"allow":["GET"]}}],"collection":[{"href":"https:\/\/motollopis.es\/tienda\/wp-json\/wp\/v2\/product"}],"about":[{"href":"https:\/\/motollopis.es\/tienda\/wp-json\/wp\/v2\/types\/product"}],"replies":[{"embeddable":true,"href":"https:\/\/motollopis.es\/tienda\/wp-json\/wp\/v2\/comments?post=10444"}],"version-history":[{"count":2,"href":"https:\/\/motollopis.es\/tienda\/wp-json\/wp\/v2\/product\/10444\/revisions"}],"predecessor-version":[{"id":11849,"href":"https:\/\/motollopis.es\/tienda\/wp-json\/wp\/v2\/product\/10444\/revisions\/11849"}],"wp:featuredmedia":[{"embeddable":true,"href":"https:\/\/motollopis.es\/tienda\/wp-json\/wp\/v2\/media\/10299"}],"wp:attachment":[{"href":"https:\/\/motollopis.es\/tienda\/wp-json\/wp\/v2\/media?parent=10444"}],"wp:term":[{"taxonomy":"product_brand","embeddable":true,"href":"https:\/\/motollopis.es\/tienda\/wp-json\/wp\/v2\/product_brand?post=10444"},{"taxonomy":"product_cat","embeddable":true,"href":"https:\/\/motollopis.es\/tienda\/wp-json\/wp\/v2\/product_cat?post=10444"},{"taxonomy":"product_tag","embeddable":true,"href":"https:\/\/motollopis.es\/tienda\/wp-json\/wp\/v2\/product_tag?post=10444"}],"curies":[{"name":"wp","href":"https:\/\/api.w.org\/{rel}","templated":true}]}}