{"id":10345,"date":"2023-06-26T10:10:42","date_gmt":"2023-06-26T10:10:42","guid":{"rendered":"https:\/\/motollopis.es\/tienda\/?post_type=product&#038;p=10345"},"modified":"2023-11-10T19:34:22","modified_gmt":"2023-11-10T19:34:22","slug":"casco-nzi-mad-carbon-negro-oxidado","status":"publish","type":"product","link":"https:\/\/motollopis.es\/tienda\/casco-nzi-mad-carbon-negro-oxidado\/","title":{"rendered":"Casco NZI MAD Carbon &#8211; Negro Oxidado"},"content":{"rendered":"<p>Casco con alta tecnolog\u00eda de fibra de carbono. Peso superligero(aprox. 1.150grs). Perfecta estabilidad\u00e5 posicional a alta velocidad. Carcasa o calotta con una abertura frontal amplia que garantiza un gran \u00e1ngulo de visi\u00f3n, preparada para fijar una visera universal y con tira en la parte trasera para asegurar la fijaci\u00f3n de las gafas opcionales. Cierre de correas mediante anillas Doble D.<\/p>\n","protected":false},"excerpt":{"rendered":"<p>Tacos, suspensiones largas, llantas de radios, manillar ancho y este casco de carbono. Salir de ruta desde la ciudad por carretera hasta llegar al campo e ir por caminos de tierra sin problemas, bien protegido. Homologaci\u00f3n de las Naciones Unidas UNECE R.22.05. Tallas: XS, S, M, L, XL. Bolsa portacascos incluida.<\/p>\n","protected":false},"featured_media":10235,"comment_status":"open","ping_status":"closed","template":"","meta":[],"product_brand":[],"product_cat":[146,387],"product_tag":[],"class_list":{"0":"post-10345","1":"product","2":"type-product","3":"status-publish","4":"has-post-thumbnail","6":"product_cat-cascos-nzi","7":"product_cat-cascos-nzi-vintage","9":"first","10":"instock","11":"sale","12":"taxable","13":"shipping-taxable","14":"purchasable","15":"product-type-variable"},"_links":{"self":[{"href":"https:\/\/motollopis.es\/tienda\/wp-json\/wp\/v2\/product\/10345","targetHints":{"allow":["GET"]}}],"collection":[{"href":"https:\/\/motollopis.es\/tienda\/wp-json\/wp\/v2\/product"}],"about":[{"href":"https:\/\/motollopis.es\/tienda\/wp-json\/wp\/v2\/types\/product"}],"replies":[{"embeddable":true,"href":"https:\/\/motollopis.es\/tienda\/wp-json\/wp\/v2\/comments?post=10345"}],"version-history":[{"count":2,"href":"https:\/\/motollopis.es\/tienda\/wp-json\/wp\/v2\/product\/10345\/revisions"}],"predecessor-version":[{"id":11889,"href":"https:\/\/motollopis.es\/tienda\/wp-json\/wp\/v2\/product\/10345\/revisions\/11889"}],"wp:featuredmedia":[{"embeddable":true,"href":"https:\/\/motollopis.es\/tienda\/wp-json\/wp\/v2\/media\/10235"}],"wp:attachment":[{"href":"https:\/\/motollopis.es\/tienda\/wp-json\/wp\/v2\/media?parent=10345"}],"wp:term":[{"taxonomy":"product_brand","embeddable":true,"href":"https:\/\/motollopis.es\/tienda\/wp-json\/wp\/v2\/product_brand?post=10345"},{"taxonomy":"product_cat","embeddable":true,"href":"https:\/\/motollopis.es\/tienda\/wp-json\/wp\/v2\/product_cat?post=10345"},{"taxonomy":"product_tag","embeddable":true,"href":"https:\/\/motollopis.es\/tienda\/wp-json\/wp\/v2\/product_tag?post=10345"}],"curies":[{"name":"wp","href":"https:\/\/api.w.org\/{rel}","templated":true}]}}