{"id":10323,"date":"2023-06-26T10:10:05","date_gmt":"2023-06-26T10:10:05","guid":{"rendered":"https:\/\/motollopis.es\/tienda\/?post_type=product&#038;p=10323"},"modified":"2023-10-03T16:38:49","modified_gmt":"2023-10-03T16:38:49","slug":"casco-nzi-abierto-ville-negro-mate","status":"publish","type":"product","link":"https:\/\/motollopis.es\/tienda\/casco-nzi-abierto-ville-negro-mate\/","title":{"rendered":"Casco NZI Ville &#8211; Negro Mate"},"content":{"rendered":"<p>Casco con alta tecnolog\u00eda de fibra de carbono. El casco abierto NZI Ville Duo, el cual cumple con el futuro Reglamento de Homologaci\u00f3n UN R 22.06, es un casco puramente jet para los Scooteristas y para los amantes de las Customs y Caf\u00e9 Racer. Hay belleza y prestaciones para todos los estilos. La mezcla de fibras y resinas optimiza su peso y su resistencia a los impactos. El visor est\u00e1 hecho de policarbonato a prueba de ara\u00f1azos fabricado mediante moldeo por inyecci\u00f3n. Se puede cambiar f\u00e1cilmente y sin herramientas. Este casco posee un visor solar integrado, con un movimiento de la mano se puede bajar o subir. Esto le permite reaccionar en un instante frente a un cambio de luz. Los materiales especiales del interior del casco, junto con las ventilaciones, garantizan una temperatura agradable en el interior del casco. Las almohadillas del tapizado se pueden desmontar y lavar. El NZI Ville Duo cuenta con 3 tama\u00f1os de carcasa que proporcionan mayor confort, disponible en las tallas de la XS a la XXL, en color Matt Black.<\/p>\n","protected":false},"excerpt":{"rendered":"<p>Casco con alta tecnolog\u00eda de fibra de carbono. cumple con el futuro Reglamento de Homologaci\u00f3n UN R 22.06. La mezcla de fibras y resinas optimiza su peso y su resistencia a los impactos.<br \/>\nEl visor est\u00e1 hecho de policarbonato a prueba de ara\u00f1azos fabricado mediante moldeo por inyecci\u00f3n. Se puede cambiar f\u00e1cilmente y sin herramientas. Este casco posee un visor solar integrado, con un movimiento de la mano se puede bajar o subir..Las almohadillas del tapizado se pueden desmontar y lavar. Cuenta con 3 tama\u00f1os de carcasa que proporcionan mayor confort, disponible en las tallas de la XS a la XXL.<\/p>\n","protected":false},"featured_media":10216,"comment_status":"open","ping_status":"closed","template":"","meta":[],"product_brand":[],"product_cat":[146,181],"product_tag":[],"class_list":{"0":"post-10323","1":"product","2":"type-product","3":"status-publish","4":"has-post-thumbnail","6":"product_cat-cascos-nzi","7":"product_cat-cascos-nzi-jet","9":"first","10":"instock","11":"sale","12":"taxable","13":"shipping-taxable","14":"purchasable","15":"product-type-variable"},"_links":{"self":[{"href":"https:\/\/motollopis.es\/tienda\/wp-json\/wp\/v2\/product\/10323","targetHints":{"allow":["GET"]}}],"collection":[{"href":"https:\/\/motollopis.es\/tienda\/wp-json\/wp\/v2\/product"}],"about":[{"href":"https:\/\/motollopis.es\/tienda\/wp-json\/wp\/v2\/types\/product"}],"replies":[{"embeddable":true,"href":"https:\/\/motollopis.es\/tienda\/wp-json\/wp\/v2\/comments?post=10323"}],"version-history":[{"count":2,"href":"https:\/\/motollopis.es\/tienda\/wp-json\/wp\/v2\/product\/10323\/revisions"}],"predecessor-version":[{"id":11894,"href":"https:\/\/motollopis.es\/tienda\/wp-json\/wp\/v2\/product\/10323\/revisions\/11894"}],"wp:featuredmedia":[{"embeddable":true,"href":"https:\/\/motollopis.es\/tienda\/wp-json\/wp\/v2\/media\/10216"}],"wp:attachment":[{"href":"https:\/\/motollopis.es\/tienda\/wp-json\/wp\/v2\/media?parent=10323"}],"wp:term":[{"taxonomy":"product_brand","embeddable":true,"href":"https:\/\/motollopis.es\/tienda\/wp-json\/wp\/v2\/product_brand?post=10323"},{"taxonomy":"product_cat","embeddable":true,"href":"https:\/\/motollopis.es\/tienda\/wp-json\/wp\/v2\/product_cat?post=10323"},{"taxonomy":"product_tag","embeddable":true,"href":"https:\/\/motollopis.es\/tienda\/wp-json\/wp\/v2\/product_tag?post=10323"}],"curies":[{"name":"wp","href":"https:\/\/api.w.org\/{rel}","templated":true}]}}